{"id":2739,"date":"2021-05-03T16:14:50","date_gmt":"2021-05-03T15:14:50","guid":{"rendered":"https:\/\/gregoriopeno.com\/?page_id=2739"},"modified":"2021-05-03T16:18:26","modified_gmt":"2021-05-03T15:18:26","slug":"statement","status":"publish","type":"page","link":"https:\/\/gregoriopeno.com\/?page_id=2739","title":{"rendered":"Contact"},"content":{"rendered":"\n<p>Gregorio Pe\u00f1o Velasco<br>gregorio_pv@yahoo.es<\/p>\n\n\n\n<p><strong>MADRID<\/strong><\/p>\n\n\n\n<p>Michel Soskine INC.<\/p>\n\n\n\n<p>Madrid,&nbsp;&nbsp;Spain<br>Calle General Casta\u00f1os, 9<br>28004 Madrid<br>Tel: +34 91 431 06 03<br>www.soskine.com<br>michelsoskineinc@gmail.com<\/p>\n\n\n\n<p><strong>PAR\u00cdS<\/strong><\/p>\n\n\n\n<p>Galerie NeC<\/p>\n\n\n\n<p>20 rue des Coutures Saint Gervais, Par\u00eds<br>+33 1 42 77 88 83<br>galerienec@gmail.com<br>www.galerienec.com<\/p>\n","protected":false},"excerpt":{"rendered":"<p>Gregorio Pe\u00f1o Velascogregorio_pv@yahoo.es MADRID Michel Soskine INC. Madrid,&nbsp;&nbsp;SpainCalle General Casta\u00f1os, 928004 MadridTel: +34 91 431 06 03www.soskine.commichelsoskineinc@gmail.com PAR\u00cdS Galerie NeC 20 rue des Coutures Saint Gervais, Par\u00eds+33 1 42 77 88 83galerienec@gmail.comwww.galerienec.com<\/p>\n","protected":false},"author":1,"featured_media":0,"parent":0,"menu_order":0,"comment_status":"closed","ping_status":"closed","template":"","meta":[],"_links":{"self":[{"href":"https:\/\/gregoriopeno.com\/index.php?rest_route=\/wp\/v2\/pages\/2739"}],"collection":[{"href":"https:\/\/gregoriopeno.com\/index.php?rest_route=\/wp\/v2\/pages"}],"about":[{"href":"https:\/\/gregoriopeno.com\/index.php?rest_route=\/wp\/v2\/types\/page"}],"author":[{"embeddable":true,"href":"https:\/\/gregoriopeno.com\/index.php?rest_route=\/wp\/v2\/users\/1"}],"replies":[{"embeddable":true,"href":"https:\/\/gregoriopeno.com\/index.php?rest_route=%2Fwp%2Fv2%2Fcomments&post=2739"}],"version-history":[{"count":4,"href":"https:\/\/gregoriopeno.com\/index.php?rest_route=\/wp\/v2\/pages\/2739\/revisions"}],"predecessor-version":[{"id":2745,"href":"https:\/\/gregoriopeno.com\/index.php?rest_route=\/wp\/v2\/pages\/2739\/revisions\/2745"}],"wp:attachment":[{"href":"https:\/\/gregoriopeno.com\/index.php?rest_route=%2Fwp%2Fv2%2Fmedia&parent=2739"}],"curies":[{"name":"wp","href":"https:\/\/api.w.org\/{rel}","templated":true}]}}